{"id":43,"date":"2017-12-17T10:06:43","date_gmt":"2017-12-17T09:06:43","guid":{"rendered":"http:\/\/canpolsklep.pl\/index.php\/about-2\/"},"modified":"2023-05-02T14:19:29","modified_gmt":"2023-05-02T12:19:29","slug":"o-nas","status":"publish","type":"page","link":"https:\/\/canpolsklep.pl\/index.php\/o-nas\/","title":{"rendered":"O nas"},"content":{"rendered":"\t\t<div data-elementor-type=\"wp-post\" data-elementor-id=\"43\" class=\"elementor elementor-43\">\n\t\t\t\t\t\t<section class=\"elementor-section elementor-top-section elementor-element elementor-element-8c39fce elementor-section-content-middle elementor-section-boxed elementor-section-height-default elementor-section-height-default\" data-id=\"8c39fce\" data-element_type=\"section\" data-settings=\"{&quot;background_background&quot;:&quot;classic&quot;}\">\n\t\t\t\t\t\t\t<div class=\"elementor-background-overlay\"><\/div>\n\t\t\t\t\t\t\t<div class=\"elementor-container elementor-column-gap-no\">\n\t\t\t\t\t<div class=\"elementor-column elementor-col-100 elementor-top-column elementor-element elementor-element-b1952b1\" data-id=\"b1952b1\" data-element_type=\"column\">\n\t\t\t<div class=\"elementor-widget-wrap elementor-element-populated\">\n\t\t\t\t\t\t<div class=\"elementor-element elementor-element-03b93f0 elementor-widget elementor-widget-heading\" data-id=\"03b93f0\" data-element_type=\"widget\" data-widget_type=\"heading.default\">\n\t\t\t\t<div class=\"elementor-widget-container\">\n\t\t\t\t\t<h1 class=\"elementor-heading-title elementor-size-default\">O nas<\/h1>\t\t\t\t<\/div>\n\t\t\t\t<\/div>\n\t\t\t\t\t<\/div>\n\t\t<\/div>\n\t\t\t\t\t<\/div>\n\t\t<\/section>\n\t\t\t\t<section class=\"elementor-section elementor-top-section elementor-element elementor-element-d28c655 elementor-section-full_width elementor-section-height-default elementor-section-height-default\" data-id=\"d28c655\" data-element_type=\"section\" data-settings=\"{&quot;background_background&quot;:&quot;classic&quot;}\">\n\t\t\t\t\t\t<div class=\"elementor-container elementor-column-gap-default\">\n\t\t\t\t\t<div class=\"elementor-column elementor-col-100 elementor-top-column elementor-element elementor-element-997bde8\" data-id=\"997bde8\" data-element_type=\"column\">\n\t\t\t<div class=\"elementor-widget-wrap elementor-element-populated\">\n\t\t\t\t\t\t<section class=\"elementor-section elementor-inner-section elementor-element elementor-element-83b3443 elementor-section-full_width elementor-section-content-middle elementor-section-height-default elementor-section-height-default\" data-id=\"83b3443\" data-element_type=\"section\">\n\t\t\t\t\t\t<div class=\"elementor-container elementor-column-gap-no\">\n\t\t\t\t\t<div class=\"elementor-column elementor-col-50 elementor-inner-column elementor-element elementor-element-fe6e6ed\" data-id=\"fe6e6ed\" data-element_type=\"column\" data-settings=\"{&quot;background_background&quot;:&quot;classic&quot;}\">\n\t\t\t<div class=\"elementor-widget-wrap elementor-element-populated\">\n\t\t\t\t\t\t<div class=\"elementor-element elementor-element-2a5a40c elementor-widget-divider--view-line elementor-widget elementor-widget-divider\" data-id=\"2a5a40c\" data-element_type=\"widget\" data-widget_type=\"divider.default\">\n\t\t\t\t<div class=\"elementor-widget-container\">\n\t\t\t\t\t\t\t<div class=\"elementor-divider\">\n\t\t\t<span class=\"elementor-divider-separator\">\n\t\t\t\t\t\t<\/span>\n\t\t<\/div>\n\t\t\t\t\t\t<\/div>\n\t\t\t\t<\/div>\n\t\t\t\t<div class=\"elementor-element elementor-element-ef5188a elementor-widget elementor-widget-image-box\" data-id=\"ef5188a\" data-element_type=\"widget\" data-widget_type=\"image-box.default\">\n\t\t\t\t<div class=\"elementor-widget-container\">\n\t\t\t\t\t<div class=\"elementor-image-box-wrapper\"><div class=\"elementor-image-box-content\"><h2 class=\"elementor-image-box-title\">Kim jeste\u015bmy?<\/h2><p class=\"elementor-image-box-description\">Od samego pocz\u0105tku stawiamy na najwy\u017csz\u0105 jako\u015b\u0107 oferowanych produkt\u00f3w oraz us\u0142ug. Nasze kolekcje sk\u0142adaj\u0105 si\u0119 z najlepszych marek, aby zapewni\u0107 naszym klientom elegancki, stylowy i wyj\u0105tkowy wygl\u0105d.\nNasza firma to nie tylko sprzeda\u017c odzie\u017cy, ale przede wszystkim pasja i zami\u0142owanie do pi\u0119kna, zwierz\u0105t, motoryzacji i sztuki. Zawsze stawiamy na jako\u015b\u0107 i profesjonalizm, aby zapewni\u0107 naszym \nklientom najlepsze do\u015bwiadczenia.\n<\/p><\/div><\/div>\t\t\t\t<\/div>\n\t\t\t\t<\/div>\n\t\t\t\t\t<\/div>\n\t\t<\/div>\n\t\t\t\t<div class=\"elementor-column elementor-col-50 elementor-inner-column elementor-element elementor-element-7b5ea60\" data-id=\"7b5ea60\" data-element_type=\"column\" data-settings=\"{&quot;background_background&quot;:&quot;classic&quot;}\">\n\t\t\t<div class=\"elementor-widget-wrap elementor-element-populated\">\n\t\t\t\t\t<div class=\"elementor-background-overlay\"><\/div>\n\t\t\t\t\t\t<div class=\"elementor-element elementor-element-3446adf elementor-widget elementor-widget-image\" data-id=\"3446adf\" data-element_type=\"widget\" data-widget_type=\"image.default\">\n\t\t\t\t<div class=\"elementor-widget-container\">\n\t\t\t\t\t\t\t\t\t\t\t\t\t\t\t<img fetchpriority=\"high\" decoding=\"async\" width=\"1024\" height=\"576\" src=\"https:\/\/canpolsklep.pl\/wp-content\/uploads\/2018\/12\/slide-image-free-img-1024x576.jpg\" class=\"attachment-large size-large wp-image-740\" alt=\"\" srcset=\"https:\/\/canpolsklep.pl\/wp-content\/uploads\/2018\/12\/slide-image-free-img-1024x576.jpg 1024w, https:\/\/canpolsklep.pl\/wp-content\/uploads\/2018\/12\/slide-image-free-img-800x450.jpg 800w, https:\/\/canpolsklep.pl\/wp-content\/uploads\/2018\/12\/slide-image-free-img-700x394.jpg 700w, https:\/\/canpolsklep.pl\/wp-content\/uploads\/2018\/12\/slide-image-free-img-300x169.jpg 300w, https:\/\/canpolsklep.pl\/wp-content\/uploads\/2018\/12\/slide-image-free-img-768x432.jpg 768w, https:\/\/canpolsklep.pl\/wp-content\/uploads\/2018\/12\/slide-image-free-img.jpg 1200w\" sizes=\"(max-width: 1024px) 100vw, 1024px\" \/>\t\t\t\t\t\t\t\t\t\t\t\t\t\t\t<\/div>\n\t\t\t\t<\/div>\n\t\t\t\t\t<\/div>\n\t\t<\/div>\n\t\t\t\t\t<\/div>\n\t\t<\/section>\n\t\t\t\t\t<\/div>\n\t\t<\/div>\n\t\t\t\t\t<\/div>\n\t\t<\/section>\n\t\t\t\t<section class=\"elementor-section elementor-top-section elementor-element elementor-element-d0ca6fa elementor-section-boxed elementor-section-height-default elementor-section-height-default\" data-id=\"d0ca6fa\" data-element_type=\"section\" data-settings=\"{&quot;background_background&quot;:&quot;classic&quot;}\">\n\t\t\t\t\t\t\t<div class=\"elementor-background-overlay\"><\/div>\n\t\t\t\t\t\t\t<div class=\"elementor-container elementor-column-gap-no\">\n\t\t\t\t\t<div class=\"elementor-column elementor-col-100 elementor-top-column elementor-element elementor-element-a5fd6c9\" data-id=\"a5fd6c9\" data-element_type=\"column\" data-settings=\"{&quot;background_background&quot;:&quot;classic&quot;}\">\n\t\t\t<div class=\"elementor-widget-wrap elementor-element-populated\">\n\t\t\t\t\t\t<div class=\"elementor-element elementor-element-a1cc422 elementor-widget-divider--view-line elementor-widget elementor-widget-divider\" data-id=\"a1cc422\" data-element_type=\"widget\" data-widget_type=\"divider.default\">\n\t\t\t\t<div class=\"elementor-widget-container\">\n\t\t\t\t\t\t\t<div class=\"elementor-divider\">\n\t\t\t<span class=\"elementor-divider-separator\">\n\t\t\t\t\t\t<\/span>\n\t\t<\/div>\n\t\t\t\t\t\t<\/div>\n\t\t\t\t<\/div>\n\t\t\t\t<div class=\"elementor-element elementor-element-83c0952 elementor-widget elementor-widget-heading\" data-id=\"83c0952\" data-element_type=\"widget\" data-widget_type=\"heading.default\">\n\t\t\t\t<div class=\"elementor-widget-container\">\n\t\t\t\t\t<h2 class=\"elementor-heading-title elementor-size-default\">Obserwuj nas!<\/h2>\t\t\t\t<\/div>\n\t\t\t\t<\/div>\n\t\t\t\t<div class=\"elementor-element elementor-element-dab9b3f elementor-shape-rounded elementor-grid-0 e-grid-align-center elementor-widget elementor-widget-social-icons\" data-id=\"dab9b3f\" data-element_type=\"widget\" data-widget_type=\"social-icons.default\">\n\t\t\t\t<div class=\"elementor-widget-container\">\n\t\t\t\t\t\t\t<div class=\"elementor-social-icons-wrapper elementor-grid\">\n\t\t\t\t\t\t\t<span class=\"elementor-grid-item\">\n\t\t\t\t\t<a class=\"elementor-icon elementor-social-icon elementor-social-icon-facebook-f elementor-repeater-item-9e740e1\" href=\"https:\/\/www.facebook.com\/canpol.odejewski\">\n\t\t\t\t\t\t<span class=\"elementor-screen-only\">Facebook-f<\/span>\n\t\t\t\t\t\t<i aria-hidden=\"true\" class=\"fab fa-facebook-f\"><\/i>\t\t\t\t\t<\/a>\n\t\t\t\t<\/span>\n\t\t\t\t\t<\/div>\n\t\t\t\t\t\t<\/div>\n\t\t\t\t<\/div>\n\t\t\t\t\t<\/div>\n\t\t<\/div>\n\t\t\t\t\t<\/div>\n\t\t<\/section>\n\t\t\t\t<section class=\"elementor-section elementor-top-section elementor-element elementor-element-e6682b8 elementor-section-boxed elementor-section-height-default elementor-section-height-default\" data-id=\"e6682b8\" data-element_type=\"section\">\n\t\t\t\t\t\t<div class=\"elementor-container elementor-column-gap-default\">\n\t\t\t\t\t<div class=\"elementor-column elementor-col-25 elementor-top-column elementor-element elementor-element-6fa5272\" data-id=\"6fa5272\" data-element_type=\"column\">\n\t\t\t<div class=\"elementor-widget-wrap elementor-element-populated\">\n\t\t\t\t\t\t<div class=\"elementor-element elementor-element-6192e6f elementor-position-top elementor-widget elementor-widget-image-box\" data-id=\"6192e6f\" data-element_type=\"widget\" data-widget_type=\"image-box.default\">\n\t\t\t\t<div class=\"elementor-widget-container\">\n\t\t\t\t\t<div class=\"elementor-image-box-wrapper\"><figure class=\"elementor-image-box-img\"><img decoding=\"async\" width=\"120\" height=\"120\" src=\"https:\/\/canpolsklep.pl\/wp-content\/uploads\/2018\/12\/globe-free-img.png\" class=\"attachment-full size-full wp-image-586\" alt=\"\" srcset=\"https:\/\/canpolsklep.pl\/wp-content\/uploads\/2018\/12\/globe-free-img.png 120w, https:\/\/canpolsklep.pl\/wp-content\/uploads\/2018\/12\/globe-free-img-100x100.png 100w\" sizes=\"(max-width: 120px) 100vw, 120px\" \/><\/figure><div class=\"elementor-image-box-content\"><h5 class=\"elementor-image-box-title\">Dostawa do Twoich drzwi<\/h5><p class=\"elementor-image-box-description\">Nie przejmuj si\u0119 dostaw\u0105, my to za\u0142atwimy \ud83d\ude42<\/p><\/div><\/div>\t\t\t\t<\/div>\n\t\t\t\t<\/div>\n\t\t\t\t\t<\/div>\n\t\t<\/div>\n\t\t\t\t<div class=\"elementor-column elementor-col-25 elementor-top-column elementor-element elementor-element-787546e\" data-id=\"787546e\" data-element_type=\"column\">\n\t\t\t<div class=\"elementor-widget-wrap elementor-element-populated\">\n\t\t\t\t\t\t<div class=\"elementor-element elementor-element-bd66df4 elementor-position-top elementor-widget elementor-widget-image-box\" data-id=\"bd66df4\" data-element_type=\"widget\" data-widget_type=\"image-box.default\">\n\t\t\t\t<div class=\"elementor-widget-container\">\n\t\t\t\t\t<div class=\"elementor-image-box-wrapper\"><figure class=\"elementor-image-box-img\"><img decoding=\"async\" width=\"120\" height=\"120\" src=\"https:\/\/canpolsklep.pl\/wp-content\/uploads\/2018\/12\/quality-free-img.png\" class=\"attachment-full size-full wp-image-588\" alt=\"\" srcset=\"https:\/\/canpolsklep.pl\/wp-content\/uploads\/2018\/12\/quality-free-img.png 120w, https:\/\/canpolsklep.pl\/wp-content\/uploads\/2018\/12\/quality-free-img-100x100.png 100w\" sizes=\"(max-width: 120px) 100vw, 120px\" \/><\/figure><div class=\"elementor-image-box-content\"><h5 class=\"elementor-image-box-title\">Najlepsza jako\u015b\u0107<\/h5><p class=\"elementor-image-box-description\">Marki premium z najwi\u0119ksz\u0105 staranno\u015bci\u0105 oraz dok\u0142adno\u015bci\u0105 wykonania,<\/p><\/div><\/div>\t\t\t\t<\/div>\n\t\t\t\t<\/div>\n\t\t\t\t\t<\/div>\n\t\t<\/div>\n\t\t\t\t<div class=\"elementor-column elementor-col-25 elementor-top-column elementor-element elementor-element-10cbd3a\" data-id=\"10cbd3a\" data-element_type=\"column\">\n\t\t\t<div class=\"elementor-widget-wrap elementor-element-populated\">\n\t\t\t\t\t\t<div class=\"elementor-element elementor-element-013c375 elementor-position-top elementor-widget elementor-widget-image-box\" data-id=\"013c375\" data-element_type=\"widget\" data-widget_type=\"image-box.default\">\n\t\t\t\t<div class=\"elementor-widget-container\">\n\t\t\t\t\t<div class=\"elementor-image-box-wrapper\"><figure class=\"elementor-image-box-img\"><img loading=\"lazy\" decoding=\"async\" width=\"120\" height=\"120\" src=\"https:\/\/canpolsklep.pl\/wp-content\/uploads\/2018\/12\/tag-free-img.png\" class=\"attachment-full size-full wp-image-1399\" alt=\"\" srcset=\"https:\/\/canpolsklep.pl\/wp-content\/uploads\/2018\/12\/tag-free-img.png 120w, https:\/\/canpolsklep.pl\/wp-content\/uploads\/2018\/12\/tag-free-img-100x100.png 100w\" sizes=\"(max-width: 120px) 100vw, 120px\" \/><\/figure><div class=\"elementor-image-box-content\"><h5 class=\"elementor-image-box-title\">Najlepsze promocje<\/h5><p class=\"elementor-image-box-description\">Promocje nawet do -50%, nie chcesz przej\u015b\u0107 ko\u0142o tego oboj\u0119tnie.<\/p><\/div><\/div>\t\t\t\t<\/div>\n\t\t\t\t<\/div>\n\t\t\t\t\t<\/div>\n\t\t<\/div>\n\t\t\t\t<div class=\"elementor-column elementor-col-25 elementor-top-column elementor-element elementor-element-a54e6d6\" data-id=\"a54e6d6\" data-element_type=\"column\">\n\t\t\t<div class=\"elementor-widget-wrap elementor-element-populated\">\n\t\t\t\t\t\t<div class=\"elementor-element elementor-element-6687e18 elementor-position-top elementor-widget elementor-widget-image-box\" data-id=\"6687e18\" data-element_type=\"widget\" data-widget_type=\"image-box.default\">\n\t\t\t\t<div class=\"elementor-widget-container\">\n\t\t\t\t\t<div class=\"elementor-image-box-wrapper\"><figure class=\"elementor-image-box-img\"><img loading=\"lazy\" decoding=\"async\" width=\"120\" height=\"120\" src=\"https:\/\/canpolsklep.pl\/wp-content\/uploads\/2018\/12\/lock-free-img.png\" class=\"attachment-full size-full wp-image-587\" alt=\"\" srcset=\"https:\/\/canpolsklep.pl\/wp-content\/uploads\/2018\/12\/lock-free-img.png 120w, https:\/\/canpolsklep.pl\/wp-content\/uploads\/2018\/12\/lock-free-img-100x100.png 100w\" sizes=\"(max-width: 120px) 100vw, 120px\" \/><\/figure><div class=\"elementor-image-box-content\"><h5 class=\"elementor-image-box-title\">Bezpieczna forma p\u0142atno\u015bci<\/h5><p class=\"elementor-image-box-description\">Twoje p\u0142atno\u015bci obs\u0142ugujemy przez system Przelewy24, wi\u0119c nie musisz si\u0119 obawia\u0107.<\/p><\/div><\/div>\t\t\t\t<\/div>\n\t\t\t\t<\/div>\n\t\t\t\t\t<\/div>\n\t\t<\/div>\n\t\t\t\t\t<\/div>\n\t\t<\/section>\n\t\t\t\t<\/div>\n\t\t","protected":false},"excerpt":{"rendered":"<p>O nas Kim jeste\u015bmy? Od samego pocz\u0105tku stawiamy na najwy\u017csz\u0105 jako\u015b\u0107 oferowanych produkt\u00f3w oraz us\u0142ug. Nasze kolekcje sk\u0142adaj\u0105 si\u0119 z najlepszych marek, aby zapewni\u0107 naszym klientom elegancki, stylowy i wyj\u0105tkowy wygl\u0105d. Nasza firma to nie tylko sprzeda\u017c odzie\u017cy, ale przede wszystkim pasja i zami\u0142owanie do pi\u0119kna, zwierz\u0105t, motoryzacji i sztuki. Zawsze stawiamy na jako\u015b\u0107 i &hellip;<\/p>\n<p class=\"read-more\"> <a class=\"\" href=\"https:\/\/canpolsklep.pl\/index.php\/o-nas\/\"> <span class=\"screen-reader-text\">O nas<\/span> Read More &raquo;<\/a><\/p>\n","protected":false},"author":1,"featured_media":0,"parent":0,"menu_order":0,"comment_status":"closed","ping_status":"closed","template":"","meta":{"site-sidebar-layout":"no-sidebar","site-content-layout":"page-builder","ast-global-header-display":"","ast-main-header-display":"","ast-hfb-above-header-display":"","ast-hfb-below-header-display":"","ast-hfb-mobile-header-display":"","site-post-title":"disabled","ast-breadcrumbs-content":"","ast-featured-img":"disabled","footer-sml-layout":"","theme-transparent-header-meta":"enabled","adv-header-id-meta":"","stick-header-meta":"","header-above-stick-meta":"","header-main-stick-meta":"","header-below-stick-meta":"","_kadence_starter_templates_imported_post":false,"footnotes":""},"class_list":["post-43","page","type-page","status-publish","hentry"],"yoast_head":"<!-- This site is optimized with the Yoast SEO plugin v21.7 - https:\/\/yoast.com\/wordpress\/plugins\/seo\/ -->\n<title>O nas - Canpol Sklep Cz\u0142uch\u00f3w<\/title>\n<meta name=\"robots\" content=\"index, follow, max-snippet:-1, max-image-preview:large, max-video-preview:-1\" \/>\n<link rel=\"canonical\" href=\"https:\/\/canpolsklep.pl\/index.php\/o-nas\/\" \/>\n<meta property=\"og:locale\" content=\"pl_PL\" \/>\n<meta property=\"og:type\" content=\"article\" \/>\n<meta property=\"og:title\" content=\"O nas - Canpol Sklep Cz\u0142uch\u00f3w\" \/>\n<meta property=\"og:description\" content=\"O nas Kim jeste\u015bmy? Od samego pocz\u0105tku stawiamy na najwy\u017csz\u0105 jako\u015b\u0107 oferowanych produkt\u00f3w oraz us\u0142ug. Nasze kolekcje sk\u0142adaj\u0105 si\u0119 z najlepszych marek, aby zapewni\u0107 naszym klientom elegancki, stylowy i wyj\u0105tkowy wygl\u0105d. Nasza firma to nie tylko sprzeda\u017c odzie\u017cy, ale przede wszystkim pasja i zami\u0142owanie do pi\u0119kna, zwierz\u0105t, motoryzacji i sztuki. Zawsze stawiamy na jako\u015b\u0107 i &hellip; O nas Read More &raquo;\" \/>\n<meta property=\"og:url\" content=\"https:\/\/canpolsklep.pl\/index.php\/o-nas\/\" \/>\n<meta property=\"og:site_name\" content=\"Canpol Sklep Cz\u0142uch\u00f3w\" \/>\n<meta property=\"article:publisher\" content=\"https:\/\/www.facebook.com\/canpol.odejewski\" \/>\n<meta property=\"article:modified_time\" content=\"2023-05-02T12:19:29+00:00\" \/>\n<meta property=\"og:image\" content=\"http:\/\/canpolsklep.pl\/wp-content\/uploads\/2018\/12\/slide-image-free-img-1024x576.jpg\" \/>\n<meta name=\"twitter:card\" content=\"summary_large_image\" \/>\n<meta name=\"twitter:label1\" content=\"Szacowany czas czytania\" \/>\n\t<meta name=\"twitter:data1\" content=\"3 minuty\" \/>\n<script type=\"application\/ld+json\" class=\"yoast-schema-graph\">{\"@context\":\"https:\/\/schema.org\",\"@graph\":[{\"@type\":\"WebPage\",\"@id\":\"https:\/\/canpolsklep.pl\/index.php\/o-nas\/\",\"url\":\"https:\/\/canpolsklep.pl\/index.php\/o-nas\/\",\"name\":\"O nas - Canpol Sklep Cz\u0142uch\u00f3w\",\"isPartOf\":{\"@id\":\"https:\/\/canpolsklep.pl\/#website\"},\"datePublished\":\"2017-12-17T09:06:43+00:00\",\"dateModified\":\"2023-05-02T12:19:29+00:00\",\"breadcrumb\":{\"@id\":\"https:\/\/canpolsklep.pl\/index.php\/o-nas\/#breadcrumb\"},\"inLanguage\":\"pl-PL\",\"potentialAction\":[{\"@type\":\"ReadAction\",\"target\":[\"https:\/\/canpolsklep.pl\/index.php\/o-nas\/\"]}]},{\"@type\":\"BreadcrumbList\",\"@id\":\"https:\/\/canpolsklep.pl\/index.php\/o-nas\/#breadcrumb\",\"itemListElement\":[{\"@type\":\"ListItem\",\"position\":1,\"name\":\"Strona g\u0142\u00f3wna\",\"item\":\"https:\/\/canpolsklep.pl\/\"},{\"@type\":\"ListItem\",\"position\":2,\"name\":\"O nas\"}]},{\"@type\":\"WebSite\",\"@id\":\"https:\/\/canpolsklep.pl\/#website\",\"url\":\"https:\/\/canpolsklep.pl\/\",\"name\":\"Canpol Sklep Cz\u0142uch\u00f3w\",\"description\":\"Sklep internetowy Canpol Cz\u0142uch\u00f3w\",\"publisher\":{\"@id\":\"https:\/\/canpolsklep.pl\/#organization\"},\"inLanguage\":\"pl-PL\"},{\"@type\":\"Organization\",\"@id\":\"https:\/\/canpolsklep.pl\/#organization\",\"name\":\"Canpol Sklep Cz\u0142uch\u00f3w\",\"url\":\"https:\/\/canpolsklep.pl\/\",\"logo\":{\"@type\":\"ImageObject\",\"inLanguage\":\"pl-PL\",\"@id\":\"https:\/\/canpolsklep.pl\/#\/schema\/logo\/image\/\",\"url\":\"https:\/\/canpolsklep.pl\/wp-content\/uploads\/2023\/01\/logo_canpol_active11-2.png\",\"contentUrl\":\"https:\/\/canpolsklep.pl\/wp-content\/uploads\/2023\/01\/logo_canpol_active11-2.png\",\"width\":366,\"height\":119,\"caption\":\"Canpol Sklep Cz\u0142uch\u00f3w\"},\"image\":{\"@id\":\"https:\/\/canpolsklep.pl\/#\/schema\/logo\/image\/\"},\"sameAs\":[\"https:\/\/www.facebook.com\/canpol.odejewski\"]}]}<\/script>\n<!-- \/ Yoast SEO plugin. -->","yoast_head_json":{"title":"O nas - Canpol Sklep Cz\u0142uch\u00f3w","robots":{"index":"index","follow":"follow","max-snippet":"max-snippet:-1","max-image-preview":"max-image-preview:large","max-video-preview":"max-video-preview:-1"},"canonical":"https:\/\/canpolsklep.pl\/index.php\/o-nas\/","og_locale":"pl_PL","og_type":"article","og_title":"O nas - Canpol Sklep Cz\u0142uch\u00f3w","og_description":"O nas Kim jeste\u015bmy? Od samego pocz\u0105tku stawiamy na najwy\u017csz\u0105 jako\u015b\u0107 oferowanych produkt\u00f3w oraz us\u0142ug. Nasze kolekcje sk\u0142adaj\u0105 si\u0119 z najlepszych marek, aby zapewni\u0107 naszym klientom elegancki, stylowy i wyj\u0105tkowy wygl\u0105d. Nasza firma to nie tylko sprzeda\u017c odzie\u017cy, ale przede wszystkim pasja i zami\u0142owanie do pi\u0119kna, zwierz\u0105t, motoryzacji i sztuki. Zawsze stawiamy na jako\u015b\u0107 i &hellip; O nas Read More &raquo;","og_url":"https:\/\/canpolsklep.pl\/index.php\/o-nas\/","og_site_name":"Canpol Sklep Cz\u0142uch\u00f3w","article_publisher":"https:\/\/www.facebook.com\/canpol.odejewski","article_modified_time":"2023-05-02T12:19:29+00:00","og_image":[{"url":"http:\/\/canpolsklep.pl\/wp-content\/uploads\/2018\/12\/slide-image-free-img-1024x576.jpg"}],"twitter_card":"summary_large_image","twitter_misc":{"Szacowany czas czytania":"3 minuty"},"schema":{"@context":"https:\/\/schema.org","@graph":[{"@type":"WebPage","@id":"https:\/\/canpolsklep.pl\/index.php\/o-nas\/","url":"https:\/\/canpolsklep.pl\/index.php\/o-nas\/","name":"O nas - Canpol Sklep Cz\u0142uch\u00f3w","isPartOf":{"@id":"https:\/\/canpolsklep.pl\/#website"},"datePublished":"2017-12-17T09:06:43+00:00","dateModified":"2023-05-02T12:19:29+00:00","breadcrumb":{"@id":"https:\/\/canpolsklep.pl\/index.php\/o-nas\/#breadcrumb"},"inLanguage":"pl-PL","potentialAction":[{"@type":"ReadAction","target":["https:\/\/canpolsklep.pl\/index.php\/o-nas\/"]}]},{"@type":"BreadcrumbList","@id":"https:\/\/canpolsklep.pl\/index.php\/o-nas\/#breadcrumb","itemListElement":[{"@type":"ListItem","position":1,"name":"Strona g\u0142\u00f3wna","item":"https:\/\/canpolsklep.pl\/"},{"@type":"ListItem","position":2,"name":"O nas"}]},{"@type":"WebSite","@id":"https:\/\/canpolsklep.pl\/#website","url":"https:\/\/canpolsklep.pl\/","name":"Canpol Sklep Cz\u0142uch\u00f3w","description":"Sklep internetowy Canpol Cz\u0142uch\u00f3w","publisher":{"@id":"https:\/\/canpolsklep.pl\/#organization"},"inLanguage":"pl-PL"},{"@type":"Organization","@id":"https:\/\/canpolsklep.pl\/#organization","name":"Canpol Sklep Cz\u0142uch\u00f3w","url":"https:\/\/canpolsklep.pl\/","logo":{"@type":"ImageObject","inLanguage":"pl-PL","@id":"https:\/\/canpolsklep.pl\/#\/schema\/logo\/image\/","url":"https:\/\/canpolsklep.pl\/wp-content\/uploads\/2023\/01\/logo_canpol_active11-2.png","contentUrl":"https:\/\/canpolsklep.pl\/wp-content\/uploads\/2023\/01\/logo_canpol_active11-2.png","width":366,"height":119,"caption":"Canpol Sklep Cz\u0142uch\u00f3w"},"image":{"@id":"https:\/\/canpolsklep.pl\/#\/schema\/logo\/image\/"},"sameAs":["https:\/\/www.facebook.com\/canpol.odejewski"]}]}},"_links":{"self":[{"href":"https:\/\/canpolsklep.pl\/index.php\/wp-json\/wp\/v2\/pages\/43","targetHints":{"allow":["GET"]}}],"collection":[{"href":"https:\/\/canpolsklep.pl\/index.php\/wp-json\/wp\/v2\/pages"}],"about":[{"href":"https:\/\/canpolsklep.pl\/index.php\/wp-json\/wp\/v2\/types\/page"}],"author":[{"embeddable":true,"href":"https:\/\/canpolsklep.pl\/index.php\/wp-json\/wp\/v2\/users\/1"}],"replies":[{"embeddable":true,"href":"https:\/\/canpolsklep.pl\/index.php\/wp-json\/wp\/v2\/comments?post=43"}],"version-history":[{"count":20,"href":"https:\/\/canpolsklep.pl\/index.php\/wp-json\/wp\/v2\/pages\/43\/revisions"}],"predecessor-version":[{"id":4815,"href":"https:\/\/canpolsklep.pl\/index.php\/wp-json\/wp\/v2\/pages\/43\/revisions\/4815"}],"wp:attachment":[{"href":"https:\/\/canpolsklep.pl\/index.php\/wp-json\/wp\/v2\/media?parent=43"}],"curies":[{"name":"wp","href":"https:\/\/api.w.org\/{rel}","templated":true}]}}