{"id":5177,"date":"2023-09-27T20:46:10","date_gmt":"2023-09-27T18:46:10","guid":{"rendered":"https:\/\/canpolsklep.pl\/?post_type=product&#038;p=5177"},"modified":"2025-11-10T20:20:58","modified_gmt":"2025-11-10T19:20:58","slug":"bluza-meska-la-martina-smf321fp529","status":"publish","type":"product","link":"https:\/\/canpolsklep.pl\/index.php\/produkt\/bluza-meska-la-martina-smf321fp529\/","title":{"rendered":"Bluza m\u0119ska La Martina SMF321FP529"},"content":{"rendered":"<p>Numer artyku\u0142u: SMF321FP529<\/p>\n<p>Numer koloru: 07017<\/p>\n<p>Sk\u0142ad: 100% bawe\u0142na<\/p>\n","protected":false},"excerpt":{"rendered":"<p>Numer artyku\u0142u: SMF321FP529 Numer koloru: 07017 Sk\u0142ad: 100% bawe\u0142na<\/p>\n","protected":false},"featured_media":5178,"template":"","meta":{"site-sidebar-layout":"default","site-content-layout":"default","ast-global-header-display":"","ast-main-header-display":"","ast-hfb-above-header-display":"","ast-hfb-below-header-display":"","ast-hfb-mobile-header-display":"","site-post-title":"","ast-breadcrumbs-content":"","ast-featured-img":"","footer-sml-layout":"","theme-transparent-header-meta":"default","adv-header-id-meta":"","stick-header-meta":"","header-above-stick-meta":"","header-main-stick-meta":"","header-below-stick-meta":"","_kadence_starter_templates_imported_post":false},"product_brand":[],"product_cat":[85,81],"product_tag":[121],"class_list":{"0":"post-5177","1":"product","2":"type-product","3":"status-publish","4":"has-post-thumbnail","6":"product_cat-bluzy","7":"product_cat-mezczyzna","8":"product_tag-la-martina","9":"desktop-align-left","10":"tablet-align-left","11":"mobile-align-left","13":"first","14":"instock","15":"shipping-taxable","16":"purchasable","17":"product-type-variable"},"yoast_head":"<!-- This site is optimized with the Yoast SEO plugin v21.7 - https:\/\/yoast.com\/wordpress\/plugins\/seo\/ -->\n<title>Bluza m\u0119ska La Martina SMF321FP529 - Canpol Sklep Cz\u0142uch\u00f3w<\/title>\n<meta name=\"robots\" content=\"index, follow, max-snippet:-1, max-image-preview:large, max-video-preview:-1\" \/>\n<link rel=\"canonical\" href=\"https:\/\/canpolsklep.pl\/index.php\/produkt\/bluza-meska-la-martina-smf321fp529\/\" \/>\n<meta property=\"og:locale\" content=\"pl_PL\" \/>\n<meta property=\"og:type\" content=\"article\" \/>\n<meta property=\"og:title\" content=\"Bluza m\u0119ska La Martina SMF321FP529 - Canpol Sklep Cz\u0142uch\u00f3w\" \/>\n<meta property=\"og:description\" content=\"Numer artyku\u0142u: SMF321FP529 Numer koloru: 07017 Sk\u0142ad: 100% bawe\u0142na\" \/>\n<meta property=\"og:url\" content=\"https:\/\/canpolsklep.pl\/index.php\/produkt\/bluza-meska-la-martina-smf321fp529\/\" \/>\n<meta property=\"og:site_name\" content=\"Canpol Sklep Cz\u0142uch\u00f3w\" \/>\n<meta property=\"article:publisher\" content=\"https:\/\/www.facebook.com\/canpol.odejewski\" \/>\n<meta property=\"article:modified_time\" content=\"2025-11-10T19:20:58+00:00\" \/>\n<meta property=\"og:image\" content=\"https:\/\/canpolsklep.pl\/wp-content\/uploads\/2023\/09\/WhatsApp-Image-2023-09-07-at-13.53.49-1.jpeg\" \/>\n\t<meta property=\"og:image:width\" content=\"850\" \/>\n\t<meta property=\"og:image:height\" content=\"1600\" \/>\n\t<meta property=\"og:image:type\" content=\"image\/jpeg\" \/>\n<meta name=\"twitter:card\" content=\"summary_large_image\" \/>\n<meta name=\"twitter:label1\" content=\"Szacowany czas czytania\" \/>\n\t<meta name=\"twitter:data1\" content=\"1 minuta\" \/>\n<script type=\"application\/ld+json\" class=\"yoast-schema-graph\">{\"@context\":\"https:\/\/schema.org\",\"@graph\":[{\"@type\":\"WebPage\",\"@id\":\"https:\/\/canpolsklep.pl\/index.php\/produkt\/bluza-meska-la-martina-smf321fp529\/\",\"url\":\"https:\/\/canpolsklep.pl\/index.php\/produkt\/bluza-meska-la-martina-smf321fp529\/\",\"name\":\"Bluza m\u0119ska La Martina SMF321FP529 - Canpol Sklep Cz\u0142uch\u00f3w\",\"isPartOf\":{\"@id\":\"https:\/\/canpolsklep.pl\/#website\"},\"datePublished\":\"2023-09-27T18:46:10+00:00\",\"dateModified\":\"2025-11-10T19:20:58+00:00\",\"breadcrumb\":{\"@id\":\"https:\/\/canpolsklep.pl\/index.php\/produkt\/bluza-meska-la-martina-smf321fp529\/#breadcrumb\"},\"inLanguage\":\"pl-PL\",\"potentialAction\":[{\"@type\":\"ReadAction\",\"target\":[\"https:\/\/canpolsklep.pl\/index.php\/produkt\/bluza-meska-la-martina-smf321fp529\/\"]}]},{\"@type\":\"BreadcrumbList\",\"@id\":\"https:\/\/canpolsklep.pl\/index.php\/produkt\/bluza-meska-la-martina-smf321fp529\/#breadcrumb\",\"itemListElement\":[{\"@type\":\"ListItem\",\"position\":1,\"name\":\"Strona g\u0142\u00f3wna\",\"item\":\"https:\/\/canpolsklep.pl\/\"},{\"@type\":\"ListItem\",\"position\":2,\"name\":\"Sklep\",\"item\":\"https:\/\/canpolsklep.pl\/index.php\/sklep\/\"},{\"@type\":\"ListItem\",\"position\":3,\"name\":\"Bluza m\u0119ska La Martina SMF321FP529\"}]},{\"@type\":\"WebSite\",\"@id\":\"https:\/\/canpolsklep.pl\/#website\",\"url\":\"https:\/\/canpolsklep.pl\/\",\"name\":\"Canpol Sklep Cz\u0142uch\u00f3w\",\"description\":\"Sklep internetowy Canpol Cz\u0142uch\u00f3w\",\"publisher\":{\"@id\":\"https:\/\/canpolsklep.pl\/#organization\"},\"inLanguage\":\"pl-PL\"},{\"@type\":\"Organization\",\"@id\":\"https:\/\/canpolsklep.pl\/#organization\",\"name\":\"Canpol Sklep Cz\u0142uch\u00f3w\",\"url\":\"https:\/\/canpolsklep.pl\/\",\"logo\":{\"@type\":\"ImageObject\",\"inLanguage\":\"pl-PL\",\"@id\":\"https:\/\/canpolsklep.pl\/#\/schema\/logo\/image\/\",\"url\":\"https:\/\/canpolsklep.pl\/wp-content\/uploads\/2023\/01\/logo_canpol_active11-2.png\",\"contentUrl\":\"https:\/\/canpolsklep.pl\/wp-content\/uploads\/2023\/01\/logo_canpol_active11-2.png\",\"width\":366,\"height\":119,\"caption\":\"Canpol Sklep Cz\u0142uch\u00f3w\"},\"image\":{\"@id\":\"https:\/\/canpolsklep.pl\/#\/schema\/logo\/image\/\"},\"sameAs\":[\"https:\/\/www.facebook.com\/canpol.odejewski\"]}]}<\/script>\n<!-- \/ Yoast SEO plugin. -->","yoast_head_json":{"title":"Bluza m\u0119ska La Martina SMF321FP529 - Canpol Sklep Cz\u0142uch\u00f3w","robots":{"index":"index","follow":"follow","max-snippet":"max-snippet:-1","max-image-preview":"max-image-preview:large","max-video-preview":"max-video-preview:-1"},"canonical":"https:\/\/canpolsklep.pl\/index.php\/produkt\/bluza-meska-la-martina-smf321fp529\/","og_locale":"pl_PL","og_type":"article","og_title":"Bluza m\u0119ska La Martina SMF321FP529 - Canpol Sklep Cz\u0142uch\u00f3w","og_description":"Numer artyku\u0142u: SMF321FP529 Numer koloru: 07017 Sk\u0142ad: 100% bawe\u0142na","og_url":"https:\/\/canpolsklep.pl\/index.php\/produkt\/bluza-meska-la-martina-smf321fp529\/","og_site_name":"Canpol Sklep Cz\u0142uch\u00f3w","article_publisher":"https:\/\/www.facebook.com\/canpol.odejewski","article_modified_time":"2025-11-10T19:20:58+00:00","og_image":[{"width":850,"height":1600,"url":"https:\/\/canpolsklep.pl\/wp-content\/uploads\/2023\/09\/WhatsApp-Image-2023-09-07-at-13.53.49-1.jpeg","type":"image\/jpeg"}],"twitter_card":"summary_large_image","twitter_misc":{"Szacowany czas czytania":"1 minuta"},"schema":{"@context":"https:\/\/schema.org","@graph":[{"@type":"WebPage","@id":"https:\/\/canpolsklep.pl\/index.php\/produkt\/bluza-meska-la-martina-smf321fp529\/","url":"https:\/\/canpolsklep.pl\/index.php\/produkt\/bluza-meska-la-martina-smf321fp529\/","name":"Bluza m\u0119ska La Martina SMF321FP529 - Canpol Sklep Cz\u0142uch\u00f3w","isPartOf":{"@id":"https:\/\/canpolsklep.pl\/#website"},"datePublished":"2023-09-27T18:46:10+00:00","dateModified":"2025-11-10T19:20:58+00:00","breadcrumb":{"@id":"https:\/\/canpolsklep.pl\/index.php\/produkt\/bluza-meska-la-martina-smf321fp529\/#breadcrumb"},"inLanguage":"pl-PL","potentialAction":[{"@type":"ReadAction","target":["https:\/\/canpolsklep.pl\/index.php\/produkt\/bluza-meska-la-martina-smf321fp529\/"]}]},{"@type":"BreadcrumbList","@id":"https:\/\/canpolsklep.pl\/index.php\/produkt\/bluza-meska-la-martina-smf321fp529\/#breadcrumb","itemListElement":[{"@type":"ListItem","position":1,"name":"Strona g\u0142\u00f3wna","item":"https:\/\/canpolsklep.pl\/"},{"@type":"ListItem","position":2,"name":"Sklep","item":"https:\/\/canpolsklep.pl\/index.php\/sklep\/"},{"@type":"ListItem","position":3,"name":"Bluza m\u0119ska La Martina SMF321FP529"}]},{"@type":"WebSite","@id":"https:\/\/canpolsklep.pl\/#website","url":"https:\/\/canpolsklep.pl\/","name":"Canpol Sklep Cz\u0142uch\u00f3w","description":"Sklep internetowy Canpol Cz\u0142uch\u00f3w","publisher":{"@id":"https:\/\/canpolsklep.pl\/#organization"},"inLanguage":"pl-PL"},{"@type":"Organization","@id":"https:\/\/canpolsklep.pl\/#organization","name":"Canpol Sklep Cz\u0142uch\u00f3w","url":"https:\/\/canpolsklep.pl\/","logo":{"@type":"ImageObject","inLanguage":"pl-PL","@id":"https:\/\/canpolsklep.pl\/#\/schema\/logo\/image\/","url":"https:\/\/canpolsklep.pl\/wp-content\/uploads\/2023\/01\/logo_canpol_active11-2.png","contentUrl":"https:\/\/canpolsklep.pl\/wp-content\/uploads\/2023\/01\/logo_canpol_active11-2.png","width":366,"height":119,"caption":"Canpol Sklep Cz\u0142uch\u00f3w"},"image":{"@id":"https:\/\/canpolsklep.pl\/#\/schema\/logo\/image\/"},"sameAs":["https:\/\/www.facebook.com\/canpol.odejewski"]}]}},"_links":{"self":[{"href":"https:\/\/canpolsklep.pl\/index.php\/wp-json\/wp\/v2\/product\/5177","targetHints":{"allow":["GET"]}}],"collection":[{"href":"https:\/\/canpolsklep.pl\/index.php\/wp-json\/wp\/v2\/product"}],"about":[{"href":"https:\/\/canpolsklep.pl\/index.php\/wp-json\/wp\/v2\/types\/product"}],"version-history":[{"count":1,"href":"https:\/\/canpolsklep.pl\/index.php\/wp-json\/wp\/v2\/product\/5177\/revisions"}],"predecessor-version":[{"id":5181,"href":"https:\/\/canpolsklep.pl\/index.php\/wp-json\/wp\/v2\/product\/5177\/revisions\/5181"}],"wp:featuredmedia":[{"embeddable":true,"href":"https:\/\/canpolsklep.pl\/index.php\/wp-json\/wp\/v2\/media\/5178"}],"wp:attachment":[{"href":"https:\/\/canpolsklep.pl\/index.php\/wp-json\/wp\/v2\/media?parent=5177"}],"wp:term":[{"taxonomy":"product_brand","embeddable":true,"href":"https:\/\/canpolsklep.pl\/index.php\/wp-json\/wp\/v2\/product_brand?post=5177"},{"taxonomy":"product_cat","embeddable":true,"href":"https:\/\/canpolsklep.pl\/index.php\/wp-json\/wp\/v2\/product_cat?post=5177"},{"taxonomy":"product_tag","embeddable":true,"href":"https:\/\/canpolsklep.pl\/index.php\/wp-json\/wp\/v2\/product_tag?post=5177"}],"curies":[{"name":"wp","href":"https:\/\/api.w.org\/{rel}","templated":true}]}}