{"id":5879,"date":"2023-10-03T18:18:58","date_gmt":"2023-10-03T16:18:58","guid":{"rendered":"https:\/\/canpolsklep.pl\/?post_type=product&#038;p=5879"},"modified":"2023-12-18T17:22:09","modified_gmt":"2023-12-18T16:22:09","slug":"bluzka-marc-aurel-24564","status":"publish","type":"product","link":"https:\/\/canpolsklep.pl\/index.php\/produkt\/bluzka-marc-aurel-24564\/","title":{"rendered":"Bluzka Marc Aurel 24564"},"content":{"rendered":"<p>Numer artyku\u0142u: 24564<\/p>\n<p>Numer koloru: 54601<\/p>\n<p>Sk\u0142ad: 100% bawe\u0142na<\/p>\n","protected":false},"excerpt":{"rendered":"<p>Numer artyku\u0142u: 24564 Numer koloru: 54601 Sk\u0142ad: 100% bawe\u0142na<\/p>\n","protected":false},"featured_media":5942,"template":"","meta":{"site-sidebar-layout":"default","site-content-layout":"default","ast-global-header-display":"","ast-main-header-display":"","ast-hfb-above-header-display":"","ast-hfb-below-header-display":"","ast-hfb-mobile-header-display":"","site-post-title":"","ast-breadcrumbs-content":"","ast-featured-img":"","footer-sml-layout":"","theme-transparent-header-meta":"default","adv-header-id-meta":"","stick-header-meta":"","header-above-stick-meta":"","header-main-stick-meta":"","header-below-stick-meta":"","_kadence_starter_templates_imported_post":false},"product_brand":[],"product_cat":[82,90],"product_tag":[114],"class_list":{"0":"post-5879","1":"product","2":"type-product","3":"status-publish","4":"has-post-thumbnail","6":"product_cat-kobieta","7":"product_cat-koszulki-i-bluzki","8":"product_tag-marc-aurel","9":"desktop-align-left","10":"tablet-align-left","11":"mobile-align-left","13":"first","14":"instock","15":"shipping-taxable","16":"purchasable","17":"product-type-variable"},"yoast_head":"<!-- This site is optimized with the Yoast SEO plugin v21.7 - https:\/\/yoast.com\/wordpress\/plugins\/seo\/ -->\n<title>Bluzka Marc Aurel 24564 - Canpol Sklep Cz\u0142uch\u00f3w<\/title>\n<meta name=\"robots\" content=\"index, follow, max-snippet:-1, max-image-preview:large, max-video-preview:-1\" \/>\n<link rel=\"canonical\" href=\"https:\/\/canpolsklep.pl\/index.php\/produkt\/bluzka-marc-aurel-24564\/\" \/>\n<meta property=\"og:locale\" content=\"pl_PL\" \/>\n<meta property=\"og:type\" content=\"article\" \/>\n<meta property=\"og:title\" content=\"Bluzka Marc Aurel 24564 - Canpol Sklep Cz\u0142uch\u00f3w\" \/>\n<meta property=\"og:description\" content=\"Numer artyku\u0142u: 24564 Numer koloru: 54601 Sk\u0142ad: 100% bawe\u0142na\" \/>\n<meta property=\"og:url\" content=\"https:\/\/canpolsklep.pl\/index.php\/produkt\/bluzka-marc-aurel-24564\/\" \/>\n<meta property=\"og:site_name\" content=\"Canpol Sklep Cz\u0142uch\u00f3w\" \/>\n<meta property=\"article:publisher\" content=\"https:\/\/www.facebook.com\/canpol.odejewski\" \/>\n<meta property=\"article:modified_time\" content=\"2023-12-18T16:22:09+00:00\" \/>\n<meta property=\"og:image\" content=\"https:\/\/canpolsklep.pl\/wp-content\/uploads\/2023\/10\/WhatsApp-Image-2023-09-13-at-11.22.41.jpeg\" \/>\n\t<meta property=\"og:image:width\" content=\"940\" \/>\n\t<meta property=\"og:image:height\" content=\"2000\" \/>\n\t<meta property=\"og:image:type\" content=\"image\/jpeg\" \/>\n<meta name=\"twitter:card\" content=\"summary_large_image\" \/>\n<meta name=\"twitter:label1\" content=\"Szacowany czas czytania\" \/>\n\t<meta name=\"twitter:data1\" content=\"1 minuta\" \/>\n<script type=\"application\/ld+json\" class=\"yoast-schema-graph\">{\"@context\":\"https:\/\/schema.org\",\"@graph\":[{\"@type\":\"WebPage\",\"@id\":\"https:\/\/canpolsklep.pl\/index.php\/produkt\/bluzka-marc-aurel-24564\/\",\"url\":\"https:\/\/canpolsklep.pl\/index.php\/produkt\/bluzka-marc-aurel-24564\/\",\"name\":\"Bluzka Marc Aurel 24564 - Canpol Sklep Cz\u0142uch\u00f3w\",\"isPartOf\":{\"@id\":\"https:\/\/canpolsklep.pl\/#website\"},\"datePublished\":\"2023-10-03T16:18:58+00:00\",\"dateModified\":\"2023-12-18T16:22:09+00:00\",\"breadcrumb\":{\"@id\":\"https:\/\/canpolsklep.pl\/index.php\/produkt\/bluzka-marc-aurel-24564\/#breadcrumb\"},\"inLanguage\":\"pl-PL\",\"potentialAction\":[{\"@type\":\"ReadAction\",\"target\":[\"https:\/\/canpolsklep.pl\/index.php\/produkt\/bluzka-marc-aurel-24564\/\"]}]},{\"@type\":\"BreadcrumbList\",\"@id\":\"https:\/\/canpolsklep.pl\/index.php\/produkt\/bluzka-marc-aurel-24564\/#breadcrumb\",\"itemListElement\":[{\"@type\":\"ListItem\",\"position\":1,\"name\":\"Strona g\u0142\u00f3wna\",\"item\":\"https:\/\/canpolsklep.pl\/\"},{\"@type\":\"ListItem\",\"position\":2,\"name\":\"Sklep\",\"item\":\"https:\/\/canpolsklep.pl\/index.php\/sklep\/\"},{\"@type\":\"ListItem\",\"position\":3,\"name\":\"Bluzka Marc Aurel 24564\"}]},{\"@type\":\"WebSite\",\"@id\":\"https:\/\/canpolsklep.pl\/#website\",\"url\":\"https:\/\/canpolsklep.pl\/\",\"name\":\"Canpol Sklep Cz\u0142uch\u00f3w\",\"description\":\"Sklep internetowy Canpol Cz\u0142uch\u00f3w\",\"publisher\":{\"@id\":\"https:\/\/canpolsklep.pl\/#organization\"},\"inLanguage\":\"pl-PL\"},{\"@type\":\"Organization\",\"@id\":\"https:\/\/canpolsklep.pl\/#organization\",\"name\":\"Canpol Sklep Cz\u0142uch\u00f3w\",\"url\":\"https:\/\/canpolsklep.pl\/\",\"logo\":{\"@type\":\"ImageObject\",\"inLanguage\":\"pl-PL\",\"@id\":\"https:\/\/canpolsklep.pl\/#\/schema\/logo\/image\/\",\"url\":\"https:\/\/canpolsklep.pl\/wp-content\/uploads\/2023\/01\/logo_canpol_active11-2.png\",\"contentUrl\":\"https:\/\/canpolsklep.pl\/wp-content\/uploads\/2023\/01\/logo_canpol_active11-2.png\",\"width\":366,\"height\":119,\"caption\":\"Canpol Sklep Cz\u0142uch\u00f3w\"},\"image\":{\"@id\":\"https:\/\/canpolsklep.pl\/#\/schema\/logo\/image\/\"},\"sameAs\":[\"https:\/\/www.facebook.com\/canpol.odejewski\"]}]}<\/script>\n<!-- \/ Yoast SEO plugin. -->","yoast_head_json":{"title":"Bluzka Marc Aurel 24564 - Canpol Sklep Cz\u0142uch\u00f3w","robots":{"index":"index","follow":"follow","max-snippet":"max-snippet:-1","max-image-preview":"max-image-preview:large","max-video-preview":"max-video-preview:-1"},"canonical":"https:\/\/canpolsklep.pl\/index.php\/produkt\/bluzka-marc-aurel-24564\/","og_locale":"pl_PL","og_type":"article","og_title":"Bluzka Marc Aurel 24564 - Canpol Sklep Cz\u0142uch\u00f3w","og_description":"Numer artyku\u0142u: 24564 Numer koloru: 54601 Sk\u0142ad: 100% bawe\u0142na","og_url":"https:\/\/canpolsklep.pl\/index.php\/produkt\/bluzka-marc-aurel-24564\/","og_site_name":"Canpol Sklep Cz\u0142uch\u00f3w","article_publisher":"https:\/\/www.facebook.com\/canpol.odejewski","article_modified_time":"2023-12-18T16:22:09+00:00","og_image":[{"width":940,"height":2000,"url":"https:\/\/canpolsklep.pl\/wp-content\/uploads\/2023\/10\/WhatsApp-Image-2023-09-13-at-11.22.41.jpeg","type":"image\/jpeg"}],"twitter_card":"summary_large_image","twitter_misc":{"Szacowany czas czytania":"1 minuta"},"schema":{"@context":"https:\/\/schema.org","@graph":[{"@type":"WebPage","@id":"https:\/\/canpolsklep.pl\/index.php\/produkt\/bluzka-marc-aurel-24564\/","url":"https:\/\/canpolsklep.pl\/index.php\/produkt\/bluzka-marc-aurel-24564\/","name":"Bluzka Marc Aurel 24564 - Canpol Sklep Cz\u0142uch\u00f3w","isPartOf":{"@id":"https:\/\/canpolsklep.pl\/#website"},"datePublished":"2023-10-03T16:18:58+00:00","dateModified":"2023-12-18T16:22:09+00:00","breadcrumb":{"@id":"https:\/\/canpolsklep.pl\/index.php\/produkt\/bluzka-marc-aurel-24564\/#breadcrumb"},"inLanguage":"pl-PL","potentialAction":[{"@type":"ReadAction","target":["https:\/\/canpolsklep.pl\/index.php\/produkt\/bluzka-marc-aurel-24564\/"]}]},{"@type":"BreadcrumbList","@id":"https:\/\/canpolsklep.pl\/index.php\/produkt\/bluzka-marc-aurel-24564\/#breadcrumb","itemListElement":[{"@type":"ListItem","position":1,"name":"Strona g\u0142\u00f3wna","item":"https:\/\/canpolsklep.pl\/"},{"@type":"ListItem","position":2,"name":"Sklep","item":"https:\/\/canpolsklep.pl\/index.php\/sklep\/"},{"@type":"ListItem","position":3,"name":"Bluzka Marc Aurel 24564"}]},{"@type":"WebSite","@id":"https:\/\/canpolsklep.pl\/#website","url":"https:\/\/canpolsklep.pl\/","name":"Canpol Sklep Cz\u0142uch\u00f3w","description":"Sklep internetowy Canpol Cz\u0142uch\u00f3w","publisher":{"@id":"https:\/\/canpolsklep.pl\/#organization"},"inLanguage":"pl-PL"},{"@type":"Organization","@id":"https:\/\/canpolsklep.pl\/#organization","name":"Canpol Sklep Cz\u0142uch\u00f3w","url":"https:\/\/canpolsklep.pl\/","logo":{"@type":"ImageObject","inLanguage":"pl-PL","@id":"https:\/\/canpolsklep.pl\/#\/schema\/logo\/image\/","url":"https:\/\/canpolsklep.pl\/wp-content\/uploads\/2023\/01\/logo_canpol_active11-2.png","contentUrl":"https:\/\/canpolsklep.pl\/wp-content\/uploads\/2023\/01\/logo_canpol_active11-2.png","width":366,"height":119,"caption":"Canpol Sklep Cz\u0142uch\u00f3w"},"image":{"@id":"https:\/\/canpolsklep.pl\/#\/schema\/logo\/image\/"},"sameAs":["https:\/\/www.facebook.com\/canpol.odejewski"]}]}},"_links":{"self":[{"href":"https:\/\/canpolsklep.pl\/index.php\/wp-json\/wp\/v2\/product\/5879","targetHints":{"allow":["GET"]}}],"collection":[{"href":"https:\/\/canpolsklep.pl\/index.php\/wp-json\/wp\/v2\/product"}],"about":[{"href":"https:\/\/canpolsklep.pl\/index.php\/wp-json\/wp\/v2\/types\/product"}],"version-history":[{"count":1,"href":"https:\/\/canpolsklep.pl\/index.php\/wp-json\/wp\/v2\/product\/5879\/revisions"}],"predecessor-version":[{"id":5946,"href":"https:\/\/canpolsklep.pl\/index.php\/wp-json\/wp\/v2\/product\/5879\/revisions\/5946"}],"wp:featuredmedia":[{"embeddable":true,"href":"https:\/\/canpolsklep.pl\/index.php\/wp-json\/wp\/v2\/media\/5942"}],"wp:attachment":[{"href":"https:\/\/canpolsklep.pl\/index.php\/wp-json\/wp\/v2\/media?parent=5879"}],"wp:term":[{"taxonomy":"product_brand","embeddable":true,"href":"https:\/\/canpolsklep.pl\/index.php\/wp-json\/wp\/v2\/product_brand?post=5879"},{"taxonomy":"product_cat","embeddable":true,"href":"https:\/\/canpolsklep.pl\/index.php\/wp-json\/wp\/v2\/product_cat?post=5879"},{"taxonomy":"product_tag","embeddable":true,"href":"https:\/\/canpolsklep.pl\/index.php\/wp-json\/wp\/v2\/product_tag?post=5879"}],"curies":[{"name":"wp","href":"https:\/\/api.w.org\/{rel}","templated":true}]}}